{"id":8682,"date":"2022-05-13T10:15:11","date_gmt":"2022-05-13T10:15:11","guid":{"rendered":"https:\/\/www.basecampstudent.com\/?page_id=8682"},"modified":"2025-01-21T13:45:55","modified_gmt":"2025-01-21T13:45:55","slug":"anti-discrimination-policy","status":"publish","type":"page","link":"https:\/\/www.basecampstudent.com\/pl\/anti-discrimination-policy\/","title":{"rendered":"Polityka antydyskryminacyjna"},"content":{"rendered":"\n<section class=\"site-policy\">\n    <div class=\"container\">\n        <div class=\"site-policy__left\">\n            <div class=\"site-policy__headline\">\n                <h1 class=\"site-policy__title\">Polityka antydyskryminacyjna<\/h1>\n                            <\/div>\n            <div class=\"site-policy__content\">\n\n                <div class=\"site-policy__mobile policy-mobile\">\n                    <div class=\"policy-mobile__wrap\">\n                        <h3 class=\"policy-mobile__title\">1. Basecamp jest zaanga\u017cowany w tworzenie r\u00f3\u017cnorodnego, zintegrowanego i pe\u0142nego szacunku \u015brodowiska.<\/h3><div class=\"policy-mobile__dropdown\"><ul class=\"policy-mobile__list\"><li class=\"policy-mobile__item\"><a class=\"policy-mobile__link\" href=\"#section-1\"\n                                         data-text=\"1. Basecamp jest zaanga\u017cowany w tworzenie r\u00f3\u017cnorodnego, zintegrowanego i pe\u0142nego szacunku \u015brodowiska.\"\n                                         data-anchor>Basecamp jest zaanga\u017cowany w tworzenie r\u00f3\u017cnorodnego, zintegrowanego i pe\u0142nego szacunku \u015brodowiska.<\/a><\/li><\/ul><\/div>                    <\/div>\n                <\/div>\n\n                <div id=\"section-1\" class=\"site-policy__item policy-item\"><h3 class=\"policy-item__title\">Basecamp jest zaanga\u017cowany w tworzenie r\u00f3\u017cnorodnego, zintegrowanego i pe\u0142nego szacunku \u015brodowiska.<\/h3><div class=\"policy-item__content\"><p>&#8222;W Basecamp nie ma miejsca na jak\u0105kolwiek dyskryminacj\u0119, n\u0119kanie czy mikroagresj\u0119.<\/p>\n<p>Basecamp nie b\u0119dzie tolerowa\u0107 mieszka\u0144c\u00f3w, kt\u00f3rzy dyskryminuj\u0105 lub traktuj\u0105 kogokolwiek mniej przychylnie ze wzgl\u0119du na ras\u0119, kolor sk\u00f3ry, pochodzenie narodowe, religi\u0119, p\u0142e\u0107, to\u017csamo\u015b\u0107 p\u0142ciow\u0105, ci\u0105\u017c\u0119, niepe\u0142nosprawno\u015b\u0107 fizyczn\u0105 lub umys\u0142ow\u0105, stan zdrowia, pochodzenie, stan cywilny, wiek, orientacj\u0119 seksualn\u0105, obywatelstwo lub jak\u0105kolwiek inn\u0105 cech\u0119 chronion\u0105 prawem lokalnym i krajowym. Zachowania dyskryminacyjne mog\u0105 przybiera\u0107 r\u00f3\u017cne formy; \u017cadne z nich nie s\u0105 akceptowane w Basecamp.<\/p>\n<p>Nie zezwalamy na n\u0119kanie oparte na zachowaniu lub cechach osobistych, kt\u00f3re mog\u0105 by\u0107 uznane za nieodpowiednie tylko dlatego, \u017ce nie s\u0105 zgodne z wyobra\u017ceniami innych os\u00f3b o tym, jak dana osoba lub grupa powinna si\u0119 zachowywa\u0107 lub wygl\u0105da\u0107.<\/p>\n<p>Podobnie, nie akceptujemy mikroagresji: codziennych, subtelnych, celowych (a czasem niezamierzonych) interakcji lub zachowa\u0144, kt\u00f3re przekazuj\u0105 pewne uprzedzenia wobec innych, cz\u0119sto w zwi\u0105zku z ich pochodzeniem&#8221;<\/p>\n<\/div><\/div>            <\/div>\n        <\/div>\n        <div class=\"site-policy__right policy-links\" style=\"display: none;\">\n            <h2 class=\"policy-links__title\">Quick Links<\/h2><ol class=\"policy-links__list\"><li class=\"policy-links__item\"><a class=\"policy-links__link\" href=\"#section-1\" data-anchor>Basecamp jest zaanga\u017cowany w tworzenie r\u00f3\u017cnorodnego, zintegrowanego i pe\u0142nego szacunku \u015brodowiska.<\/a><\/li><\/ol>        <\/div>\n    <\/div>\n<\/section>","protected":false},"excerpt":{"rendered":"","protected":false},"author":7,"featured_media":0,"parent":0,"menu_order":0,"comment_status":"closed","ping_status":"closed","template":"","meta":{"_acf_changed":false,"inline_featured_image":false,"footnotes":""},"class_list":["post-8682","page","type-page","status-publish","hentry"],"acf":[],"yoast_head":"<!-- This site is optimized with the Yoast SEO plugin v27.3 - https:\/\/yoast.com\/product\/yoast-seo-wordpress\/ -->\n<title>Polityka antydyskryminacyjna | Basecamp by Xior<\/title>\n<meta name=\"description\" content=\"W Basecamp by Xior nie ma miejsca na dyskryminacj\u0119, molestowanie ani jakiekolwiek przejawy mikroagresji\" \/>\n<meta name=\"robots\" content=\"index, follow, max-snippet:-1, max-image-preview:large, max-video-preview:-1\" \/>\n<link rel=\"canonical\" href=\"https:\/\/www.basecampstudent.com\/pl\/anti-discrimination-policy\/\" \/>\n<meta property=\"og:locale\" content=\"pl_PL\" \/>\n<meta property=\"og:type\" content=\"article\" \/>\n<meta property=\"og:title\" content=\"Polityka antydyskryminacyjna | Basecamp by Xior\" \/>\n<meta property=\"og:description\" content=\"W Basecamp by Xior nie ma miejsca na dyskryminacj\u0119, molestowanie ani jakiekolwiek przejawy mikroagresji\" \/>\n<meta property=\"og:url\" content=\"https:\/\/www.basecampstudent.com\/pl\/anti-discrimination-policy\/\" \/>\n<meta property=\"og:site_name\" content=\"Basecamp\" \/>\n<meta property=\"article:modified_time\" content=\"2025-01-21T13:45:55+00:00\" \/>\n<meta name=\"twitter:card\" content=\"summary_large_image\" \/>\n<script type=\"application\/ld+json\" class=\"yoast-schema-graph\">{\"@context\":\"https:\\\/\\\/schema.org\",\"@graph\":[{\"@type\":\"WebPage\",\"@id\":\"https:\\\/\\\/www.basecampstudent.com\\\/pl\\\/anti-discrimination-policy\\\/\",\"url\":\"https:\\\/\\\/www.basecampstudent.com\\\/pl\\\/anti-discrimination-policy\\\/\",\"name\":\"Polityka antydyskryminacyjna | Basecamp by Xior\",\"isPartOf\":{\"@id\":\"https:\\\/\\\/www.basecampstudent.com\\\/#website\"},\"datePublished\":\"2022-05-13T10:15:11+00:00\",\"dateModified\":\"2025-01-21T13:45:55+00:00\",\"description\":\"W Basecamp by Xior nie ma miejsca na dyskryminacj\u0119, molestowanie ani jakiekolwiek przejawy mikroagresji\",\"breadcrumb\":{\"@id\":\"https:\\\/\\\/www.basecampstudent.com\\\/pl\\\/anti-discrimination-policy\\\/#breadcrumb\"},\"inLanguage\":\"pl-PL\",\"potentialAction\":[{\"@type\":\"ReadAction\",\"target\":[\"https:\\\/\\\/www.basecampstudent.com\\\/pl\\\/anti-discrimination-policy\\\/\"]}]},{\"@type\":\"BreadcrumbList\",\"@id\":\"https:\\\/\\\/www.basecampstudent.com\\\/pl\\\/anti-discrimination-policy\\\/#breadcrumb\",\"itemListElement\":[{\"@type\":\"ListItem\",\"position\":1,\"name\":\"Home\",\"item\":\"https:\\\/\\\/www.basecampstudent.com\\\/pl\\\/\"},{\"@type\":\"ListItem\",\"position\":2,\"name\":\"Polityka antydyskryminacyjna\"}]},{\"@type\":\"WebSite\",\"@id\":\"https:\\\/\\\/www.basecampstudent.com\\\/#website\",\"url\":\"https:\\\/\\\/www.basecampstudent.com\\\/\",\"name\":\"Basecamp\",\"description\":\"Living spaces for dreamers, thinkers and go-getters.\",\"publisher\":{\"@id\":\"https:\\\/\\\/www.basecampstudent.com\\\/#organization\"},\"potentialAction\":[{\"@type\":\"SearchAction\",\"target\":{\"@type\":\"EntryPoint\",\"urlTemplate\":\"https:\\\/\\\/www.basecampstudent.com\\\/?s={search_term_string}\"},\"query-input\":{\"@type\":\"PropertyValueSpecification\",\"valueRequired\":true,\"valueName\":\"search_term_string\"}}],\"inLanguage\":\"pl-PL\"},{\"@type\":\"Organization\",\"@id\":\"https:\\\/\\\/www.basecampstudent.com\\\/#organization\",\"name\":\"Basecamp\",\"url\":\"https:\\\/\\\/www.basecampstudent.com\\\/\",\"logo\":{\"@type\":\"ImageObject\",\"inLanguage\":\"pl-PL\",\"@id\":\"https:\\\/\\\/www.basecampstudent.com\\\/#\\\/schema\\\/logo\\\/image\\\/\",\"url\":\"https:\\\/\\\/www.basecampstudent.com\\\/wp-content\\\/uploads\\\/2022\\\/02\\\/logo.svg\",\"contentUrl\":\"https:\\\/\\\/www.basecampstudent.com\\\/wp-content\\\/uploads\\\/2022\\\/02\\\/logo.svg\",\"width\":276,\"height\":40,\"caption\":\"Basecamp\"},\"image\":{\"@id\":\"https:\\\/\\\/www.basecampstudent.com\\\/#\\\/schema\\\/logo\\\/image\\\/\"}}]}<\/script>\n<!-- \/ Yoast SEO plugin. -->","yoast_head_json":{"title":"Polityka antydyskryminacyjna | Basecamp by Xior","description":"W Basecamp by Xior nie ma miejsca na dyskryminacj\u0119, molestowanie ani jakiekolwiek przejawy mikroagresji","robots":{"index":"index","follow":"follow","max-snippet":"max-snippet:-1","max-image-preview":"max-image-preview:large","max-video-preview":"max-video-preview:-1"},"canonical":"https:\/\/www.basecampstudent.com\/pl\/anti-discrimination-policy\/","og_locale":"pl_PL","og_type":"article","og_title":"Polityka antydyskryminacyjna | Basecamp by Xior","og_description":"W Basecamp by Xior nie ma miejsca na dyskryminacj\u0119, molestowanie ani jakiekolwiek przejawy mikroagresji","og_url":"https:\/\/www.basecampstudent.com\/pl\/anti-discrimination-policy\/","og_site_name":"Basecamp","article_modified_time":"2025-01-21T13:45:55+00:00","twitter_card":"summary_large_image","schema":{"@context":"https:\/\/schema.org","@graph":[{"@type":"WebPage","@id":"https:\/\/www.basecampstudent.com\/pl\/anti-discrimination-policy\/","url":"https:\/\/www.basecampstudent.com\/pl\/anti-discrimination-policy\/","name":"Polityka antydyskryminacyjna | Basecamp by Xior","isPartOf":{"@id":"https:\/\/www.basecampstudent.com\/#website"},"datePublished":"2022-05-13T10:15:11+00:00","dateModified":"2025-01-21T13:45:55+00:00","description":"W Basecamp by Xior nie ma miejsca na dyskryminacj\u0119, molestowanie ani jakiekolwiek przejawy mikroagresji","breadcrumb":{"@id":"https:\/\/www.basecampstudent.com\/pl\/anti-discrimination-policy\/#breadcrumb"},"inLanguage":"pl-PL","potentialAction":[{"@type":"ReadAction","target":["https:\/\/www.basecampstudent.com\/pl\/anti-discrimination-policy\/"]}]},{"@type":"BreadcrumbList","@id":"https:\/\/www.basecampstudent.com\/pl\/anti-discrimination-policy\/#breadcrumb","itemListElement":[{"@type":"ListItem","position":1,"name":"Home","item":"https:\/\/www.basecampstudent.com\/pl\/"},{"@type":"ListItem","position":2,"name":"Polityka antydyskryminacyjna"}]},{"@type":"WebSite","@id":"https:\/\/www.basecampstudent.com\/#website","url":"https:\/\/www.basecampstudent.com\/","name":"Basecamp","description":"Living spaces for dreamers, thinkers and go-getters.","publisher":{"@id":"https:\/\/www.basecampstudent.com\/#organization"},"potentialAction":[{"@type":"SearchAction","target":{"@type":"EntryPoint","urlTemplate":"https:\/\/www.basecampstudent.com\/?s={search_term_string}"},"query-input":{"@type":"PropertyValueSpecification","valueRequired":true,"valueName":"search_term_string"}}],"inLanguage":"pl-PL"},{"@type":"Organization","@id":"https:\/\/www.basecampstudent.com\/#organization","name":"Basecamp","url":"https:\/\/www.basecampstudent.com\/","logo":{"@type":"ImageObject","inLanguage":"pl-PL","@id":"https:\/\/www.basecampstudent.com\/#\/schema\/logo\/image\/","url":"https:\/\/www.basecampstudent.com\/wp-content\/uploads\/2022\/02\/logo.svg","contentUrl":"https:\/\/www.basecampstudent.com\/wp-content\/uploads\/2022\/02\/logo.svg","width":276,"height":40,"caption":"Basecamp"},"image":{"@id":"https:\/\/www.basecampstudent.com\/#\/schema\/logo\/image\/"}}]}},"_links":{"self":[{"href":"https:\/\/www.basecampstudent.com\/pl\/wp-json\/wp\/v2\/pages\/8682","targetHints":{"allow":["GET"]}}],"collection":[{"href":"https:\/\/www.basecampstudent.com\/pl\/wp-json\/wp\/v2\/pages"}],"about":[{"href":"https:\/\/www.basecampstudent.com\/pl\/wp-json\/wp\/v2\/types\/page"}],"author":[{"embeddable":true,"href":"https:\/\/www.basecampstudent.com\/pl\/wp-json\/wp\/v2\/users\/7"}],"replies":[{"embeddable":true,"href":"https:\/\/www.basecampstudent.com\/pl\/wp-json\/wp\/v2\/comments?post=8682"}],"version-history":[{"count":1,"href":"https:\/\/www.basecampstudent.com\/pl\/wp-json\/wp\/v2\/pages\/8682\/revisions"}],"predecessor-version":[{"id":29602,"href":"https:\/\/www.basecampstudent.com\/pl\/wp-json\/wp\/v2\/pages\/8682\/revisions\/29602"}],"wp:attachment":[{"href":"https:\/\/www.basecampstudent.com\/pl\/wp-json\/wp\/v2\/media?parent=8682"}],"curies":[{"name":"wp","href":"https:\/\/api.w.org\/{rel}","templated":true}]}}