{"id":7384,"date":"2022-04-27T15:35:59","date_gmt":"2022-04-27T15:35:59","guid":{"rendered":"https:\/\/www.basecampstudent.com\/help\/"},"modified":"2025-01-20T17:18:44","modified_gmt":"2025-01-20T17:18:44","slug":"help","status":"publish","type":"page","link":"https:\/\/www.basecampstudent.com\/pl\/help\/","title":{"rendered":"Pomoc"},"content":{"rendered":"    <section class=\"help-center\">\n        <div class=\"container\">\n            <h1 class=\"help-center__title\">Centrum pomocy. <\/h1>            <div class=\"help-center__questions\">\n                <div class=\"help-center__filter\">\n                    <ul class=\"help-center__list\">\n                                            <\/ul>\n                <\/div>\n                <div class=\"help-center__results\">\n                    <div class=\"help-center__result tag-result active\" data-result=\"332\"><div class=\"tag-result__category\"><h4 class=\"tag-result__category-heading\">Rezerwacja <span class=\"tag-result__category-circle\"><\/span><\/h4><ul class=\"tag-result__category-questions\"><li class=\"tag-result__category-questions-item\"><a class=\"tag-result__category-questions-link\" href=\"https:\/\/www.basecampstudent.com\/pl\/help\/?tag=332&#038;cat=331&#038;question=33798\">Czy czynsz zawiera koszty zu\u017cycia medi\u00f3w?<\/a><\/li><li class=\"tag-result__category-questions-item\"><a class=\"tag-result__category-questions-link\" href=\"https:\/\/www.basecampstudent.com\/pl\/help\/?tag=332&#038;cat=331&#038;question=29615\">Co nie jest wliczone w cen\u0119 pokoju?<\/a><\/li><li class=\"tag-result__category-questions-item\"><a class=\"tag-result__category-questions-link\" href=\"https:\/\/www.basecampstudent.com\/pl\/help\/?tag=332&#038;cat=331&#038;question=29618\">Co jest wliczone w cen\u0119 pokoju?<\/a><\/li><li class=\"tag-result__category-questions-item\"><a class=\"tag-result__category-questions-link\" href=\"https:\/\/www.basecampstudent.com\/pl\/help\/?tag=332&#038;cat=331&#038;question=29619\">Czy pobierana jest op\u0142ata za depozyt? Czy otrzymam j\u0105 z powrotem po wyprowadzce?<\/a><\/li><li class=\"tag-result__category-questions-item\"><a class=\"tag-result__category-questions-link\" href=\"https:\/\/www.basecampstudent.com\/pl\/help\/?tag=332&#038;cat=331&#038;question=29621\">Jak szybko po zako\u0144czeniu procesu rezerwacji otrzymam informacje o zameldowaniu?<\/a><\/li><li class=\"tag-result__category-questions-item\"><a class=\"tag-result__category-questions-link\" href=\"https:\/\/www.basecampstudent.com\/pl\/help\/?tag=332&#038;cat=331&#038;question=29622\">Czy mog\u0119 wybra\u0107 sw\u00f3j pok\u00f3j w budynku?<\/a><\/li><li class=\"tag-result__category-questions-item\"><a class=\"tag-result__category-questions-link\" href=\"https:\/\/www.basecampstudent.com\/pl\/help\/?tag=332&#038;cat=331&#038;question=29623\">Czy mo\u017cliwe jest zobaczenie pokoju i oprowadzenie po obiekcie przed podpisaniem umowy?<\/a><\/li><li class=\"tag-result__category-questions-item\"><a class=\"tag-result__category-questions-link\" href=\"https:\/\/www.basecampstudent.com\/pl\/help\/?tag=332&#038;cat=331&#038;question=29624\">Jaka jest d\u0142ugo\u015b\u0107 umowy?<\/a><\/li><li class=\"tag-result__category-questions-item\"><a class=\"tag-result__category-questions-link\" href=\"https:\/\/www.basecampstudent.com\/pl\/help\/?tag=332&#038;cat=331&#038;question=29625\">Jakie s\u0105 zasady anulowania rezerwacji?<\/a><\/li><li class=\"tag-result__category-questions-item\"><a class=\"tag-result__category-questions-link\" href=\"https:\/\/www.basecampstudent.com\/pl\/help\/?tag=332&#038;cat=331&#038;question=29626\">Kto mo\u017ce mieszka\u0107 w Basecamp?<\/a><\/li><li class=\"tag-result__category-questions-item\"><a class=\"tag-result__category-questions-link\" href=\"https:\/\/www.basecampstudent.com\/pl\/help\/?tag=332&#038;cat=331&#038;question=29627\">Jak mog\u0119 zarezerwowa\u0107 pok\u00f3j?<\/a><\/li><li class=\"tag-result__category-questions-item\"><a class=\"tag-result__category-questions-link\" href=\"https:\/\/www.basecampstudent.com\/pl\/help\/?tag=332&#038;cat=331&#038;question=29629\">Jakich dokument\u00f3w potrzebuj\u0119?<\/a><\/li><li class=\"tag-result__category-questions-item\"><a class=\"tag-result__category-questions-link\" href=\"https:\/\/www.basecampstudent.com\/pl\/help\/?tag=332&#038;cat=331&#038;question=29628\">Jak mog\u0119 zap\u0142aci\u0107?<\/a><\/li><\/ul><\/div><div class=\"tag-result__category\"><h4 class=\"tag-result__category-heading\">Przeprowadzka <span class=\"tag-result__category-circle\"><\/span><\/h4><ul class=\"tag-result__category-questions\"><li class=\"tag-result__category-questions-item\"><a class=\"tag-result__category-questions-link\" href=\"https:\/\/www.basecampstudent.com\/pl\/help\/?tag=332&#038;cat=333&#038;question=29630\">Kiedy mog\u0119 wprowadzi\u0107 si\u0119 do Basecamp?<\/a><\/li><li class=\"tag-result__category-questions-item\"><a class=\"tag-result__category-questions-link\" href=\"https:\/\/www.basecampstudent.com\/pl\/help\/?tag=332&#038;cat=333&#038;question=29631\">Czy mog\u0119 przywie\u017a\u0107 w\u0142asne meble?<\/a><\/li><li class=\"tag-result__category-questions-item\"><a class=\"tag-result__category-questions-link\" href=\"https:\/\/www.basecampstudent.com\/pl\/help\/?tag=332&#038;cat=333&#038;question=29632\">Czy po wprowadzeniu si\u0119 mo\u017cna zamieni\u0107 lub po prostu przenie\u015b\u0107 si\u0119 do innego apartamentu?<\/a><\/li><li class=\"tag-result__category-questions-item\"><a class=\"tag-result__category-questions-link\" href=\"https:\/\/www.basecampstudent.com\/pl\/help\/?tag=332&#038;cat=333&#038;question=29633\">Co musz\u0119 ze sob\u0105 zabra\u0107?<\/a><\/li><\/ul><\/div><div class=\"tag-result__category\"><h4 class=\"tag-result__category-heading\">Zasady dla lokator\u00f3w <span class=\"tag-result__category-circle\"><\/span><\/h4><ul class=\"tag-result__category-questions\"><li class=\"tag-result__category-questions-item\"><a class=\"tag-result__category-questions-link\" href=\"https:\/\/www.basecampstudent.com\/pl\/help\/?tag=332&#038;cat=334&#038;question=29634\">Co z ha\u0142asem?<\/a><\/li><li class=\"tag-result__category-questions-item\"><a class=\"tag-result__category-questions-link\" href=\"https:\/\/www.basecampstudent.com\/pl\/help\/?tag=332&#038;cat=334&#038;question=29635\">Czy jest zapewniona us\u0142uga sprz\u0105tania\/pokoj\u00f3wki?<\/a><\/li><li class=\"tag-result__category-questions-item\"><a class=\"tag-result__category-questions-link\" href=\"https:\/\/www.basecampstudent.com\/pl\/help\/?tag=332&#038;cat=334&#038;question=29636\">Czy mog\u0119 pali\u0107 w pomieszczeniach?<\/a><\/li><li class=\"tag-result__category-questions-item\"><a class=\"tag-result__category-questions-link\" href=\"https:\/\/www.basecampstudent.com\/pl\/help\/?tag=332&#038;cat=334&#038;question=29637\">Jestem nowy w mie\u015bcie i mieszkam z dala od domu. Czego mog\u0119 si\u0119 spodziewa\u0107?<\/a><\/li><li class=\"tag-result__category-questions-item\"><a class=\"tag-result__category-questions-link\" href=\"https:\/\/www.basecampstudent.com\/pl\/help\/?tag=332&#038;cat=334&#038;question=29638\">Co mam zrobi\u0107, je\u015bli mam jakiekolwiek problemy w Basecamp?<\/a><\/li><li class=\"tag-result__category-questions-item\"><a class=\"tag-result__category-questions-link\" href=\"https:\/\/www.basecampstudent.com\/pl\/help\/?tag=332&#038;cat=334&#038;question=29639\">Wyje\u017cd\u017cam na wakacje\/wracam na jaki\u015b czas do domu. Czy mog\u0119 podnaj\u0105\u0107 moje mieszkanie?<\/a><\/li><li class=\"tag-result__category-questions-item\"><a class=\"tag-result__category-questions-link\" href=\"https:\/\/www.basecampstudent.com\/pl\/help\/?tag=332&#038;cat=334&#038;question=29640\">Czy mog\u0119 przyjmowa\u0107 go\u015bci?<\/a><\/li><\/ul><\/div><div class=\"tag-result__category\"><h4 class=\"tag-result__category-heading\">Wyprowadzka <span class=\"tag-result__category-circle\"><\/span><\/h4><ul class=\"tag-result__category-questions\"><li class=\"tag-result__category-questions-item\"><a class=\"tag-result__category-questions-link\" href=\"https:\/\/www.basecampstudent.com\/pl\/help\/?tag=332&#038;cat=335&#038;question=29641\">Czy istnieje kara za wyprowadzk\u0119 przed ko\u0144cem umowy?<\/a><\/li><li class=\"tag-result__category-questions-item\"><a class=\"tag-result__category-questions-link\" href=\"https:\/\/www.basecampstudent.com\/pl\/help\/?tag=332&#038;cat=335&#038;question=29642\">Jak wygl\u0105da proces wyprowadzki?<\/a><\/li><\/ul><\/div><\/div>                <\/div>\n            <\/div>\n        <\/div>\n    <\/section>\n\n\n\n<section class=\"builder-section get-started\" data-bgcolor=\"#ffffff\">\n    <div class=\"get-started__background\">\n        <picture>\n            <source media=\"(max-width: 900px)\" srcset=\"https:\/\/www.basecampstudent.com\/wp-content\/uploads\/2022\/04\/IMG_1045.png\"><img data-src=\"https:\/\/www.basecampstudent.com\/wp-content\/uploads\/2022\/04\/IMG_1045-1.png\" alt=\"\">        <\/picture>\n    <\/div>\n    <div class=\"get-started__content\">\n        <h2 class=\"get-started__title\">Need something else? Contact us.<\/h2><div class=\"get-started__btn\"><a class=\"get-started__link btn-red-arrow\" href=\"https:\/\/www.basecampstudent.com\/contact\/\">\n                        <span>Get in touch<\/span>\n                      <\/a><\/div>    <\/div>\n<\/section>\n","protected":false},"excerpt":{"rendered":"","protected":false},"author":7,"featured_media":0,"parent":0,"menu_order":0,"comment_status":"closed","ping_status":"closed","template":"","meta":{"_acf_changed":false,"inline_featured_image":false,"footnotes":""},"class_list":["post-7384","page","type-page","status-publish","hentry"],"acf":[],"yoast_head":"<!-- This site is optimized with the Yoast SEO plugin v27.3 - https:\/\/yoast.com\/product\/yoast-seo-wordpress\/ -->\n<title>Help centre | Basecamp by Xior<\/title>\n<meta name=\"description\" content=\"Search our help section for answers on anything from how to book to choosing rooms, moving out and our latest coronavirus FAQs.\" \/>\n<meta name=\"robots\" content=\"index, follow, max-snippet:-1, max-image-preview:large, max-video-preview:-1\" \/>\n<link rel=\"canonical\" href=\"https:\/\/www.basecampstudent.com\/pl\/help\/\" \/>\n<meta property=\"og:locale\" content=\"pl_PL\" \/>\n<meta property=\"og:type\" content=\"article\" \/>\n<meta property=\"og:title\" content=\"Help centre | Basecamp by Xior\" \/>\n<meta property=\"og:description\" content=\"Search our help section for answers on anything from how to book to choosing rooms, moving out and our latest coronavirus FAQs.\" \/>\n<meta property=\"og:url\" content=\"https:\/\/www.basecampstudent.com\/pl\/help\/\" \/>\n<meta property=\"og:site_name\" content=\"Basecamp\" \/>\n<meta property=\"article:modified_time\" content=\"2025-01-20T17:18:44+00:00\" \/>\n<meta name=\"twitter:card\" content=\"summary_large_image\" \/>\n<script type=\"application\/ld+json\" class=\"yoast-schema-graph\">{\"@context\":\"https:\\\/\\\/schema.org\",\"@graph\":[{\"@type\":\"WebPage\",\"@id\":\"https:\\\/\\\/www.basecampstudent.com\\\/pl\\\/help\\\/\",\"url\":\"https:\\\/\\\/www.basecampstudent.com\\\/pl\\\/help\\\/\",\"name\":\"Help centre | Basecamp by Xior\",\"isPartOf\":{\"@id\":\"https:\\\/\\\/www.basecampstudent.com\\\/#website\"},\"datePublished\":\"2022-04-27T15:35:59+00:00\",\"dateModified\":\"2025-01-20T17:18:44+00:00\",\"description\":\"Search our help section for answers on anything from how to book to choosing rooms, moving out and our latest coronavirus FAQs.\",\"breadcrumb\":{\"@id\":\"https:\\\/\\\/www.basecampstudent.com\\\/pl\\\/help\\\/#breadcrumb\"},\"inLanguage\":\"pl-PL\",\"potentialAction\":[{\"@type\":\"ReadAction\",\"target\":[\"https:\\\/\\\/www.basecampstudent.com\\\/pl\\\/help\\\/\"]}]},{\"@type\":\"BreadcrumbList\",\"@id\":\"https:\\\/\\\/www.basecampstudent.com\\\/pl\\\/help\\\/#breadcrumb\",\"itemListElement\":[{\"@type\":\"ListItem\",\"position\":1,\"name\":\"Home\",\"item\":\"https:\\\/\\\/www.basecampstudent.com\\\/pl\\\/\"},{\"@type\":\"ListItem\",\"position\":2,\"name\":\"Pomoc\"}]},{\"@type\":\"WebSite\",\"@id\":\"https:\\\/\\\/www.basecampstudent.com\\\/#website\",\"url\":\"https:\\\/\\\/www.basecampstudent.com\\\/\",\"name\":\"Basecamp\",\"description\":\"Living spaces for dreamers, thinkers and go-getters.\",\"publisher\":{\"@id\":\"https:\\\/\\\/www.basecampstudent.com\\\/#organization\"},\"potentialAction\":[{\"@type\":\"SearchAction\",\"target\":{\"@type\":\"EntryPoint\",\"urlTemplate\":\"https:\\\/\\\/www.basecampstudent.com\\\/?s={search_term_string}\"},\"query-input\":{\"@type\":\"PropertyValueSpecification\",\"valueRequired\":true,\"valueName\":\"search_term_string\"}}],\"inLanguage\":\"pl-PL\"},{\"@type\":\"Organization\",\"@id\":\"https:\\\/\\\/www.basecampstudent.com\\\/#organization\",\"name\":\"Basecamp\",\"url\":\"https:\\\/\\\/www.basecampstudent.com\\\/\",\"logo\":{\"@type\":\"ImageObject\",\"inLanguage\":\"pl-PL\",\"@id\":\"https:\\\/\\\/www.basecampstudent.com\\\/#\\\/schema\\\/logo\\\/image\\\/\",\"url\":\"https:\\\/\\\/www.basecampstudent.com\\\/wp-content\\\/uploads\\\/2022\\\/02\\\/logo.svg\",\"contentUrl\":\"https:\\\/\\\/www.basecampstudent.com\\\/wp-content\\\/uploads\\\/2022\\\/02\\\/logo.svg\",\"width\":276,\"height\":40,\"caption\":\"Basecamp\"},\"image\":{\"@id\":\"https:\\\/\\\/www.basecampstudent.com\\\/#\\\/schema\\\/logo\\\/image\\\/\"}}]}<\/script>\n<!-- \/ Yoast SEO plugin. -->","yoast_head_json":{"title":"Help centre | Basecamp by Xior","description":"Search our help section for answers on anything from how to book to choosing rooms, moving out and our latest coronavirus FAQs.","robots":{"index":"index","follow":"follow","max-snippet":"max-snippet:-1","max-image-preview":"max-image-preview:large","max-video-preview":"max-video-preview:-1"},"canonical":"https:\/\/www.basecampstudent.com\/pl\/help\/","og_locale":"pl_PL","og_type":"article","og_title":"Help centre | Basecamp by Xior","og_description":"Search our help section for answers on anything from how to book to choosing rooms, moving out and our latest coronavirus FAQs.","og_url":"https:\/\/www.basecampstudent.com\/pl\/help\/","og_site_name":"Basecamp","article_modified_time":"2025-01-20T17:18:44+00:00","twitter_card":"summary_large_image","schema":{"@context":"https:\/\/schema.org","@graph":[{"@type":"WebPage","@id":"https:\/\/www.basecampstudent.com\/pl\/help\/","url":"https:\/\/www.basecampstudent.com\/pl\/help\/","name":"Help centre | Basecamp by Xior","isPartOf":{"@id":"https:\/\/www.basecampstudent.com\/#website"},"datePublished":"2022-04-27T15:35:59+00:00","dateModified":"2025-01-20T17:18:44+00:00","description":"Search our help section for answers on anything from how to book to choosing rooms, moving out and our latest coronavirus FAQs.","breadcrumb":{"@id":"https:\/\/www.basecampstudent.com\/pl\/help\/#breadcrumb"},"inLanguage":"pl-PL","potentialAction":[{"@type":"ReadAction","target":["https:\/\/www.basecampstudent.com\/pl\/help\/"]}]},{"@type":"BreadcrumbList","@id":"https:\/\/www.basecampstudent.com\/pl\/help\/#breadcrumb","itemListElement":[{"@type":"ListItem","position":1,"name":"Home","item":"https:\/\/www.basecampstudent.com\/pl\/"},{"@type":"ListItem","position":2,"name":"Pomoc"}]},{"@type":"WebSite","@id":"https:\/\/www.basecampstudent.com\/#website","url":"https:\/\/www.basecampstudent.com\/","name":"Basecamp","description":"Living spaces for dreamers, thinkers and go-getters.","publisher":{"@id":"https:\/\/www.basecampstudent.com\/#organization"},"potentialAction":[{"@type":"SearchAction","target":{"@type":"EntryPoint","urlTemplate":"https:\/\/www.basecampstudent.com\/?s={search_term_string}"},"query-input":{"@type":"PropertyValueSpecification","valueRequired":true,"valueName":"search_term_string"}}],"inLanguage":"pl-PL"},{"@type":"Organization","@id":"https:\/\/www.basecampstudent.com\/#organization","name":"Basecamp","url":"https:\/\/www.basecampstudent.com\/","logo":{"@type":"ImageObject","inLanguage":"pl-PL","@id":"https:\/\/www.basecampstudent.com\/#\/schema\/logo\/image\/","url":"https:\/\/www.basecampstudent.com\/wp-content\/uploads\/2022\/02\/logo.svg","contentUrl":"https:\/\/www.basecampstudent.com\/wp-content\/uploads\/2022\/02\/logo.svg","width":276,"height":40,"caption":"Basecamp"},"image":{"@id":"https:\/\/www.basecampstudent.com\/#\/schema\/logo\/image\/"}}]}},"_links":{"self":[{"href":"https:\/\/www.basecampstudent.com\/pl\/wp-json\/wp\/v2\/pages\/7384","targetHints":{"allow":["GET"]}}],"collection":[{"href":"https:\/\/www.basecampstudent.com\/pl\/wp-json\/wp\/v2\/pages"}],"about":[{"href":"https:\/\/www.basecampstudent.com\/pl\/wp-json\/wp\/v2\/types\/page"}],"author":[{"embeddable":true,"href":"https:\/\/www.basecampstudent.com\/pl\/wp-json\/wp\/v2\/users\/7"}],"replies":[{"embeddable":true,"href":"https:\/\/www.basecampstudent.com\/pl\/wp-json\/wp\/v2\/comments?post=7384"}],"version-history":[{"count":2,"href":"https:\/\/www.basecampstudent.com\/pl\/wp-json\/wp\/v2\/pages\/7384\/revisions"}],"predecessor-version":[{"id":30109,"href":"https:\/\/www.basecampstudent.com\/pl\/wp-json\/wp\/v2\/pages\/7384\/revisions\/30109"}],"wp:attachment":[{"href":"https:\/\/www.basecampstudent.com\/pl\/wp-json\/wp\/v2\/media?parent=7384"}],"curies":[{"name":"wp","href":"https:\/\/api.w.org\/{rel}","templated":true}]}}