{"id":8683,"date":"2022-05-13T10:15:11","date_gmt":"2022-05-13T10:15:11","guid":{"rendered":"https:\/\/www.basecampstudent.com\/?page_id=8683"},"modified":"2025-01-21T13:45:17","modified_gmt":"2025-01-21T13:45:17","slug":"anti-discrimination-policy","status":"publish","type":"page","link":"https:\/\/www.basecampstudent.com\/es\/anti-discrimination-policy\/","title":{"rendered":"Pol\u00edtica contra la discriminaci\u00f3n"},"content":{"rendered":"\n<section class=\"site-policy\">\n    <div class=\"container\">\n        <div class=\"site-policy__left\">\n            <div class=\"site-policy__headline\">\n                <h1 class=\"site-policy__title\">Pol\u00edtica contra la discriminaci\u00f3n<\/h1>\n                            <\/div>\n            <div class=\"site-policy__content\">\n\n                <div class=\"site-policy__mobile policy-mobile\">\n                    <div class=\"policy-mobile__wrap\">\n                        <h3 class=\"policy-mobile__title\">1. Basecamp se compromete a crear un entorno diverso, inclusivo y respetuoso.<\/h3><div class=\"policy-mobile__dropdown\"><ul class=\"policy-mobile__list\"><li class=\"policy-mobile__item\"><a class=\"policy-mobile__link\" href=\"#section-1\"\n                                         data-text=\"1. Basecamp se compromete a crear un entorno diverso, inclusivo y respetuoso.\"\n                                         data-anchor>Basecamp se compromete a crear un entorno diverso, inclusivo y respetuoso.<\/a><\/li><\/ul><\/div>                    <\/div>\n                <\/div>\n\n                <div id=\"section-1\" class=\"site-policy__item policy-item\"><h3 class=\"policy-item__title\">Basecamp se compromete a crear un entorno diverso, inclusivo y respetuoso.<\/h3><div class=\"policy-item__content\"><p>En Basecamp no hay lugar para la discriminaci\u00f3n, el acoso o las microagresiones de ning\u00fan tipo.<\/p>\n<p>Basecamp no tolerar\u00e1 a los residentes que discriminen o traten a alguien de forma menos favorable debido a su raza, color, origen nacional, religi\u00f3n, sexo, identidad de g\u00e9nero, embarazo, discapacidad f\u00edsica o mental, condici\u00f3n m\u00e9dica, ascendencia, estado civil, edad, orientaci\u00f3n sexual, ciudadan\u00eda o cualquier otra caracter\u00edstica protegida por la legislaci\u00f3n local y nacional. Los comportamientos discriminatorios pueden adoptar muchas formas; ninguna es aceptable en Basecamp.<\/p>\n<p>No permitimos el acoso basado en conductas o rasgos personales que puedan considerarse inapropiados por el mero hecho de no ajustarse a las ideas de otros sobre c\u00f3mo debe comportarse o parecer un individuo o un grupo.<\/p>\n<p>Del mismo modo, no aprobamos las microagresiones: las interacciones o comportamientos cotidianos, sutiles e intencionados (y a veces no intencionados) que comunican alg\u00fan prejuicio hacia los dem\u00e1s, a menudo en relaci\u00f3n con sus antecedentes.<\/p>\n<\/div><\/div>            <\/div>\n        <\/div>\n        <div class=\"site-policy__right policy-links\" style=\"display: none;\">\n            <h2 class=\"policy-links__title\">Quick Links<\/h2><ol class=\"policy-links__list\"><li class=\"policy-links__item\"><a class=\"policy-links__link\" href=\"#section-1\" data-anchor>Basecamp se compromete a crear un entorno diverso, inclusivo y respetuoso.<\/a><\/li><\/ol>        <\/div>\n    <\/div>\n<\/section>","protected":false},"excerpt":{"rendered":"","protected":false},"author":7,"featured_media":0,"parent":0,"menu_order":0,"comment_status":"closed","ping_status":"closed","template":"","meta":{"_acf_changed":false,"inline_featured_image":false,"footnotes":""},"class_list":["post-8683","page","type-page","status-publish","hentry"],"acf":[],"yoast_head":"<!-- This site is optimized with the Yoast SEO plugin v27.3 - https:\/\/yoast.com\/product\/yoast-seo-wordpress\/ -->\n<title>Pol\u00edtica contra la discriminaci\u00f3n | Basecamp by Xior<\/title>\n<meta name=\"description\" content=\"En Basecamp by Xior no hay lugar para la discriminaci\u00f3n, el acoso o las microagresiones de ning\u00fan tipo\" \/>\n<meta name=\"robots\" content=\"index, follow, max-snippet:-1, max-image-preview:large, max-video-preview:-1\" \/>\n<link rel=\"canonical\" href=\"https:\/\/www.basecampstudent.com\/es\/anti-discrimination-policy\/\" \/>\n<meta property=\"og:locale\" content=\"es_ES\" \/>\n<meta property=\"og:type\" content=\"article\" \/>\n<meta property=\"og:title\" content=\"Pol\u00edtica contra la discriminaci\u00f3n | Basecamp by Xior\" \/>\n<meta property=\"og:description\" content=\"En Basecamp by Xior no hay lugar para la discriminaci\u00f3n, el acoso o las microagresiones de ning\u00fan tipo\" \/>\n<meta property=\"og:url\" content=\"https:\/\/www.basecampstudent.com\/es\/anti-discrimination-policy\/\" \/>\n<meta property=\"og:site_name\" content=\"Basecamp\" \/>\n<meta property=\"article:modified_time\" content=\"2025-01-21T13:45:17+00:00\" \/>\n<meta name=\"twitter:card\" content=\"summary_large_image\" \/>\n<script type=\"application\/ld+json\" class=\"yoast-schema-graph\">{\"@context\":\"https:\\\/\\\/schema.org\",\"@graph\":[{\"@type\":\"WebPage\",\"@id\":\"https:\\\/\\\/www.basecampstudent.com\\\/es\\\/anti-discrimination-policy\\\/\",\"url\":\"https:\\\/\\\/www.basecampstudent.com\\\/es\\\/anti-discrimination-policy\\\/\",\"name\":\"Pol\u00edtica contra la discriminaci\u00f3n | Basecamp by Xior\",\"isPartOf\":{\"@id\":\"https:\\\/\\\/www.basecampstudent.com\\\/#website\"},\"datePublished\":\"2022-05-13T10:15:11+00:00\",\"dateModified\":\"2025-01-21T13:45:17+00:00\",\"description\":\"En Basecamp by Xior no hay lugar para la discriminaci\u00f3n, el acoso o las microagresiones de ning\u00fan tipo\",\"breadcrumb\":{\"@id\":\"https:\\\/\\\/www.basecampstudent.com\\\/es\\\/anti-discrimination-policy\\\/#breadcrumb\"},\"inLanguage\":\"es\",\"potentialAction\":[{\"@type\":\"ReadAction\",\"target\":[\"https:\\\/\\\/www.basecampstudent.com\\\/es\\\/anti-discrimination-policy\\\/\"]}]},{\"@type\":\"BreadcrumbList\",\"@id\":\"https:\\\/\\\/www.basecampstudent.com\\\/es\\\/anti-discrimination-policy\\\/#breadcrumb\",\"itemListElement\":[{\"@type\":\"ListItem\",\"position\":1,\"name\":\"Home\",\"item\":\"https:\\\/\\\/www.basecampstudent.com\\\/es\\\/\"},{\"@type\":\"ListItem\",\"position\":2,\"name\":\"Pol\u00edtica contra la discriminaci\u00f3n\"}]},{\"@type\":\"WebSite\",\"@id\":\"https:\\\/\\\/www.basecampstudent.com\\\/#website\",\"url\":\"https:\\\/\\\/www.basecampstudent.com\\\/\",\"name\":\"Basecamp\",\"description\":\"Living spaces for dreamers, thinkers and go-getters.\",\"publisher\":{\"@id\":\"https:\\\/\\\/www.basecampstudent.com\\\/#organization\"},\"potentialAction\":[{\"@type\":\"SearchAction\",\"target\":{\"@type\":\"EntryPoint\",\"urlTemplate\":\"https:\\\/\\\/www.basecampstudent.com\\\/?s={search_term_string}\"},\"query-input\":{\"@type\":\"PropertyValueSpecification\",\"valueRequired\":true,\"valueName\":\"search_term_string\"}}],\"inLanguage\":\"es\"},{\"@type\":\"Organization\",\"@id\":\"https:\\\/\\\/www.basecampstudent.com\\\/#organization\",\"name\":\"Basecamp\",\"url\":\"https:\\\/\\\/www.basecampstudent.com\\\/\",\"logo\":{\"@type\":\"ImageObject\",\"inLanguage\":\"es\",\"@id\":\"https:\\\/\\\/www.basecampstudent.com\\\/#\\\/schema\\\/logo\\\/image\\\/\",\"url\":\"https:\\\/\\\/www.basecampstudent.com\\\/wp-content\\\/uploads\\\/2022\\\/02\\\/logo.svg\",\"contentUrl\":\"https:\\\/\\\/www.basecampstudent.com\\\/wp-content\\\/uploads\\\/2022\\\/02\\\/logo.svg\",\"width\":276,\"height\":40,\"caption\":\"Basecamp\"},\"image\":{\"@id\":\"https:\\\/\\\/www.basecampstudent.com\\\/#\\\/schema\\\/logo\\\/image\\\/\"}}]}<\/script>\n<!-- \/ Yoast SEO plugin. -->","yoast_head_json":{"title":"Pol\u00edtica contra la discriminaci\u00f3n | Basecamp by Xior","description":"En Basecamp by Xior no hay lugar para la discriminaci\u00f3n, el acoso o las microagresiones de ning\u00fan tipo","robots":{"index":"index","follow":"follow","max-snippet":"max-snippet:-1","max-image-preview":"max-image-preview:large","max-video-preview":"max-video-preview:-1"},"canonical":"https:\/\/www.basecampstudent.com\/es\/anti-discrimination-policy\/","og_locale":"es_ES","og_type":"article","og_title":"Pol\u00edtica contra la discriminaci\u00f3n | Basecamp by Xior","og_description":"En Basecamp by Xior no hay lugar para la discriminaci\u00f3n, el acoso o las microagresiones de ning\u00fan tipo","og_url":"https:\/\/www.basecampstudent.com\/es\/anti-discrimination-policy\/","og_site_name":"Basecamp","article_modified_time":"2025-01-21T13:45:17+00:00","twitter_card":"summary_large_image","schema":{"@context":"https:\/\/schema.org","@graph":[{"@type":"WebPage","@id":"https:\/\/www.basecampstudent.com\/es\/anti-discrimination-policy\/","url":"https:\/\/www.basecampstudent.com\/es\/anti-discrimination-policy\/","name":"Pol\u00edtica contra la discriminaci\u00f3n | Basecamp by Xior","isPartOf":{"@id":"https:\/\/www.basecampstudent.com\/#website"},"datePublished":"2022-05-13T10:15:11+00:00","dateModified":"2025-01-21T13:45:17+00:00","description":"En Basecamp by Xior no hay lugar para la discriminaci\u00f3n, el acoso o las microagresiones de ning\u00fan tipo","breadcrumb":{"@id":"https:\/\/www.basecampstudent.com\/es\/anti-discrimination-policy\/#breadcrumb"},"inLanguage":"es","potentialAction":[{"@type":"ReadAction","target":["https:\/\/www.basecampstudent.com\/es\/anti-discrimination-policy\/"]}]},{"@type":"BreadcrumbList","@id":"https:\/\/www.basecampstudent.com\/es\/anti-discrimination-policy\/#breadcrumb","itemListElement":[{"@type":"ListItem","position":1,"name":"Home","item":"https:\/\/www.basecampstudent.com\/es\/"},{"@type":"ListItem","position":2,"name":"Pol\u00edtica contra la discriminaci\u00f3n"}]},{"@type":"WebSite","@id":"https:\/\/www.basecampstudent.com\/#website","url":"https:\/\/www.basecampstudent.com\/","name":"Basecamp","description":"Living spaces for dreamers, thinkers and go-getters.","publisher":{"@id":"https:\/\/www.basecampstudent.com\/#organization"},"potentialAction":[{"@type":"SearchAction","target":{"@type":"EntryPoint","urlTemplate":"https:\/\/www.basecampstudent.com\/?s={search_term_string}"},"query-input":{"@type":"PropertyValueSpecification","valueRequired":true,"valueName":"search_term_string"}}],"inLanguage":"es"},{"@type":"Organization","@id":"https:\/\/www.basecampstudent.com\/#organization","name":"Basecamp","url":"https:\/\/www.basecampstudent.com\/","logo":{"@type":"ImageObject","inLanguage":"es","@id":"https:\/\/www.basecampstudent.com\/#\/schema\/logo\/image\/","url":"https:\/\/www.basecampstudent.com\/wp-content\/uploads\/2022\/02\/logo.svg","contentUrl":"https:\/\/www.basecampstudent.com\/wp-content\/uploads\/2022\/02\/logo.svg","width":276,"height":40,"caption":"Basecamp"},"image":{"@id":"https:\/\/www.basecampstudent.com\/#\/schema\/logo\/image\/"}}]}},"_links":{"self":[{"href":"https:\/\/www.basecampstudent.com\/es\/wp-json\/wp\/v2\/pages\/8683","targetHints":{"allow":["GET"]}}],"collection":[{"href":"https:\/\/www.basecampstudent.com\/es\/wp-json\/wp\/v2\/pages"}],"about":[{"href":"https:\/\/www.basecampstudent.com\/es\/wp-json\/wp\/v2\/types\/page"}],"author":[{"embeddable":true,"href":"https:\/\/www.basecampstudent.com\/es\/wp-json\/wp\/v2\/users\/7"}],"replies":[{"embeddable":true,"href":"https:\/\/www.basecampstudent.com\/es\/wp-json\/wp\/v2\/comments?post=8683"}],"version-history":[{"count":1,"href":"https:\/\/www.basecampstudent.com\/es\/wp-json\/wp\/v2\/pages\/8683\/revisions"}],"predecessor-version":[{"id":29417,"href":"https:\/\/www.basecampstudent.com\/es\/wp-json\/wp\/v2\/pages\/8683\/revisions\/29417"}],"wp:attachment":[{"href":"https:\/\/www.basecampstudent.com\/es\/wp-json\/wp\/v2\/media?parent=8683"}],"curies":[{"name":"wp","href":"https:\/\/api.w.org\/{rel}","templated":true}]}}