{"id":13404,"date":"2022-07-11T17:43:58","date_gmt":"2022-07-11T17:43:58","guid":{"rendered":"https:\/\/www.basecampstudent.com\/careers\/"},"modified":"2025-02-11T11:55:56","modified_gmt":"2025-02-11T11:55:56","slug":"careers","status":"publish","type":"page","link":"https:\/\/www.basecampstudent.com\/de\/careers\/","title":{"rendered":"Careers"},"content":{"rendered":"\n<section data-component=\"hero-without-form-block\" class=\"hero hero--without-form\" data-bgcolor=\"#ffffff\">\n        <div class=\"container\">\n        <h1 class=\"hero__title\">Karriere bei Basecamp.<\/h1>        <div class=\"hero__promo promo\">\n            <div class=\"promo__thumbnail\">\n                <img data-src=\"https:\/\/www.basecampstudent.com\/wp-content\/uploads\/2022\/11\/MicrosoftTeams-image-1.jpeg\" alt=\"People who work at Basecamp\">            <\/div>\n        <\/div>\n    <\/div>\n<\/section>\n\n\n\n<section class=\"simple-section simple-section--default not-overflow \" id=\"simple-section-block\" data-bgcolor=\"#ffffff\">\n    <div class=\"container\">\n        <h2 class=\"dots-title simple-section__title\">DEM TEAM BEITRETEN<\/h2><div class=\"simple-section__content\"><div class=\"simple-section__description\"><p>Basecamp verwandelt das G\u00e4steerlebnis durch intelligente und aufregende Lebensr\u00e4ume f\u00fcr Tr\u00e4umer, Denker und Macher.<\/p>\n<p>Menschen stehen im Mittelpunkt von allem, was wir tun, und um die besten Erlebnisse zu liefern, setzen wir in unserem Team auf Neugier und Konnektivit\u00e4t.<\/p>\n<p>Basecamp ist in f\u00fchrenden Universit\u00e4tsst\u00e4dten in D\u00e4nemark, Deutschland, Polen un Schwedens ans\u00e4ssig \u2013 mit weiteren Standorten in der Pipeline \u2013 und wir sind immer auf der Suche nach fantastischen Talenten.<\/p>\n<p>Wenn du dich f\u00fcr das, was du tust, begeistern kannst, w\u00fcrden wir uns freuen, von dir zu h\u00f6ren.<\/p>\n<p>Sende deinen Lebenslauf an  careers@xior.eu.<\/p>\n<\/div><div class=\"simple-section__btn\"><a class=\"btn-red\" href=\"https:\/\/corporate.xior.be\/en\/careers\/vacancies\">\n                                  <span>Aktuelle Stellenangebote<\/span>\n                              <\/a><\/div><\/div>    <\/div>\n<\/section>\n","protected":false},"excerpt":{"rendered":"","protected":false},"author":7,"featured_media":0,"parent":0,"menu_order":0,"comment_status":"closed","ping_status":"closed","template":"","meta":{"_acf_changed":false,"inline_featured_image":false,"footnotes":""},"class_list":["post-13404","page","type-page","status-publish","hentry"],"acf":[],"yoast_head":"<!-- This site is optimized with the Yoast SEO plugin v27.3 - https:\/\/yoast.com\/product\/yoast-seo-wordpress\/ -->\n<title>Karriere bei Basecamp by Xior | Basecamp<\/title>\n<meta name=\"description\" content=\"Basecamp ist in f\u00fchrenden Universit\u00e4tsst\u00e4dten in D\u00e4nemark, Deutschland und Polen ans\u00e4ssig \u2013 mit weiteren Standorten in der Pipeline \u2013 und wir sind immer auf der Suche nach fantastischen Talenten.\" \/>\n<meta name=\"robots\" content=\"index, follow, max-snippet:-1, max-image-preview:large, max-video-preview:-1\" \/>\n<link rel=\"canonical\" href=\"https:\/\/www.basecampstudent.com\/de\/careers\/\" \/>\n<meta property=\"og:locale\" content=\"de_DE\" \/>\n<meta property=\"og:type\" content=\"article\" \/>\n<meta property=\"og:title\" content=\"Karriere bei Basecamp by Xior | Basecamp\" \/>\n<meta property=\"og:description\" content=\"Basecamp ist in f\u00fchrenden Universit\u00e4tsst\u00e4dten in D\u00e4nemark, Deutschland und Polen ans\u00e4ssig \u2013 mit weiteren Standorten in der Pipeline \u2013 und wir sind immer auf der Suche nach fantastischen Talenten.\" \/>\n<meta property=\"og:url\" content=\"https:\/\/www.basecampstudent.com\/de\/careers\/\" \/>\n<meta property=\"og:site_name\" content=\"Basecamp\" \/>\n<meta property=\"article:modified_time\" content=\"2025-02-11T11:55:56+00:00\" \/>\n<meta name=\"twitter:card\" content=\"summary_large_image\" \/>\n<script type=\"application\/ld+json\" class=\"yoast-schema-graph\">{\"@context\":\"https:\\\/\\\/schema.org\",\"@graph\":[{\"@type\":\"WebPage\",\"@id\":\"https:\\\/\\\/www.basecampstudent.com\\\/de\\\/careers\\\/\",\"url\":\"https:\\\/\\\/www.basecampstudent.com\\\/de\\\/careers\\\/\",\"name\":\"Karriere bei Basecamp by Xior | Basecamp\",\"isPartOf\":{\"@id\":\"https:\\\/\\\/www.basecampstudent.com\\\/#website\"},\"datePublished\":\"2022-07-11T17:43:58+00:00\",\"dateModified\":\"2025-02-11T11:55:56+00:00\",\"description\":\"Basecamp ist in f\u00fchrenden Universit\u00e4tsst\u00e4dten in D\u00e4nemark, Deutschland und Polen ans\u00e4ssig \u2013 mit weiteren Standorten in der Pipeline \u2013 und wir sind immer auf der Suche nach fantastischen Talenten.\",\"breadcrumb\":{\"@id\":\"https:\\\/\\\/www.basecampstudent.com\\\/de\\\/careers\\\/#breadcrumb\"},\"inLanguage\":\"de\",\"potentialAction\":[{\"@type\":\"ReadAction\",\"target\":[\"https:\\\/\\\/www.basecampstudent.com\\\/de\\\/careers\\\/\"]}]},{\"@type\":\"BreadcrumbList\",\"@id\":\"https:\\\/\\\/www.basecampstudent.com\\\/de\\\/careers\\\/#breadcrumb\",\"itemListElement\":[{\"@type\":\"ListItem\",\"position\":1,\"name\":\"Home\",\"item\":\"https:\\\/\\\/www.basecampstudent.com\\\/de\\\/\"},{\"@type\":\"ListItem\",\"position\":2,\"name\":\"Careers\"}]},{\"@type\":\"WebSite\",\"@id\":\"https:\\\/\\\/www.basecampstudent.com\\\/#website\",\"url\":\"https:\\\/\\\/www.basecampstudent.com\\\/\",\"name\":\"Basecamp\",\"description\":\"Living spaces for dreamers, thinkers and go-getters.\",\"publisher\":{\"@id\":\"https:\\\/\\\/www.basecampstudent.com\\\/#organization\"},\"potentialAction\":[{\"@type\":\"SearchAction\",\"target\":{\"@type\":\"EntryPoint\",\"urlTemplate\":\"https:\\\/\\\/www.basecampstudent.com\\\/?s={search_term_string}\"},\"query-input\":{\"@type\":\"PropertyValueSpecification\",\"valueRequired\":true,\"valueName\":\"search_term_string\"}}],\"inLanguage\":\"de\"},{\"@type\":\"Organization\",\"@id\":\"https:\\\/\\\/www.basecampstudent.com\\\/#organization\",\"name\":\"Basecamp\",\"url\":\"https:\\\/\\\/www.basecampstudent.com\\\/\",\"logo\":{\"@type\":\"ImageObject\",\"inLanguage\":\"de\",\"@id\":\"https:\\\/\\\/www.basecampstudent.com\\\/#\\\/schema\\\/logo\\\/image\\\/\",\"url\":\"https:\\\/\\\/www.basecampstudent.com\\\/wp-content\\\/uploads\\\/2022\\\/02\\\/logo.svg\",\"contentUrl\":\"https:\\\/\\\/www.basecampstudent.com\\\/wp-content\\\/uploads\\\/2022\\\/02\\\/logo.svg\",\"width\":276,\"height\":40,\"caption\":\"Basecamp\"},\"image\":{\"@id\":\"https:\\\/\\\/www.basecampstudent.com\\\/#\\\/schema\\\/logo\\\/image\\\/\"}}]}<\/script>\n<!-- \/ Yoast SEO plugin. -->","yoast_head_json":{"title":"Karriere bei Basecamp by Xior | Basecamp","description":"Basecamp ist in f\u00fchrenden Universit\u00e4tsst\u00e4dten in D\u00e4nemark, Deutschland und Polen ans\u00e4ssig \u2013 mit weiteren Standorten in der Pipeline \u2013 und wir sind immer auf der Suche nach fantastischen Talenten.","robots":{"index":"index","follow":"follow","max-snippet":"max-snippet:-1","max-image-preview":"max-image-preview:large","max-video-preview":"max-video-preview:-1"},"canonical":"https:\/\/www.basecampstudent.com\/de\/careers\/","og_locale":"de_DE","og_type":"article","og_title":"Karriere bei Basecamp by Xior | Basecamp","og_description":"Basecamp ist in f\u00fchrenden Universit\u00e4tsst\u00e4dten in D\u00e4nemark, Deutschland und Polen ans\u00e4ssig \u2013 mit weiteren Standorten in der Pipeline \u2013 und wir sind immer auf der Suche nach fantastischen Talenten.","og_url":"https:\/\/www.basecampstudent.com\/de\/careers\/","og_site_name":"Basecamp","article_modified_time":"2025-02-11T11:55:56+00:00","twitter_card":"summary_large_image","schema":{"@context":"https:\/\/schema.org","@graph":[{"@type":"WebPage","@id":"https:\/\/www.basecampstudent.com\/de\/careers\/","url":"https:\/\/www.basecampstudent.com\/de\/careers\/","name":"Karriere bei Basecamp by Xior | Basecamp","isPartOf":{"@id":"https:\/\/www.basecampstudent.com\/#website"},"datePublished":"2022-07-11T17:43:58+00:00","dateModified":"2025-02-11T11:55:56+00:00","description":"Basecamp ist in f\u00fchrenden Universit\u00e4tsst\u00e4dten in D\u00e4nemark, Deutschland und Polen ans\u00e4ssig \u2013 mit weiteren Standorten in der Pipeline \u2013 und wir sind immer auf der Suche nach fantastischen Talenten.","breadcrumb":{"@id":"https:\/\/www.basecampstudent.com\/de\/careers\/#breadcrumb"},"inLanguage":"de","potentialAction":[{"@type":"ReadAction","target":["https:\/\/www.basecampstudent.com\/de\/careers\/"]}]},{"@type":"BreadcrumbList","@id":"https:\/\/www.basecampstudent.com\/de\/careers\/#breadcrumb","itemListElement":[{"@type":"ListItem","position":1,"name":"Home","item":"https:\/\/www.basecampstudent.com\/de\/"},{"@type":"ListItem","position":2,"name":"Careers"}]},{"@type":"WebSite","@id":"https:\/\/www.basecampstudent.com\/#website","url":"https:\/\/www.basecampstudent.com\/","name":"Basecamp","description":"Living spaces for dreamers, thinkers and go-getters.","publisher":{"@id":"https:\/\/www.basecampstudent.com\/#organization"},"potentialAction":[{"@type":"SearchAction","target":{"@type":"EntryPoint","urlTemplate":"https:\/\/www.basecampstudent.com\/?s={search_term_string}"},"query-input":{"@type":"PropertyValueSpecification","valueRequired":true,"valueName":"search_term_string"}}],"inLanguage":"de"},{"@type":"Organization","@id":"https:\/\/www.basecampstudent.com\/#organization","name":"Basecamp","url":"https:\/\/www.basecampstudent.com\/","logo":{"@type":"ImageObject","inLanguage":"de","@id":"https:\/\/www.basecampstudent.com\/#\/schema\/logo\/image\/","url":"https:\/\/www.basecampstudent.com\/wp-content\/uploads\/2022\/02\/logo.svg","contentUrl":"https:\/\/www.basecampstudent.com\/wp-content\/uploads\/2022\/02\/logo.svg","width":276,"height":40,"caption":"Basecamp"},"image":{"@id":"https:\/\/www.basecampstudent.com\/#\/schema\/logo\/image\/"}}]}},"_links":{"self":[{"href":"https:\/\/www.basecampstudent.com\/de\/wp-json\/wp\/v2\/pages\/13404","targetHints":{"allow":["GET"]}}],"collection":[{"href":"https:\/\/www.basecampstudent.com\/de\/wp-json\/wp\/v2\/pages"}],"about":[{"href":"https:\/\/www.basecampstudent.com\/de\/wp-json\/wp\/v2\/types\/page"}],"author":[{"embeddable":true,"href":"https:\/\/www.basecampstudent.com\/de\/wp-json\/wp\/v2\/users\/7"}],"replies":[{"embeddable":true,"href":"https:\/\/www.basecampstudent.com\/de\/wp-json\/wp\/v2\/comments?post=13404"}],"version-history":[{"count":2,"href":"https:\/\/www.basecampstudent.com\/de\/wp-json\/wp\/v2\/pages\/13404\/revisions"}],"predecessor-version":[{"id":36605,"href":"https:\/\/www.basecampstudent.com\/de\/wp-json\/wp\/v2\/pages\/13404\/revisions\/36605"}],"wp:attachment":[{"href":"https:\/\/www.basecampstudent.com\/de\/wp-json\/wp\/v2\/media?parent=13404"}],"curies":[{"name":"wp","href":"https:\/\/api.w.org\/{rel}","templated":true}]}}