{"id":8696,"date":"2022-05-24T15:55:09","date_gmt":"2022-05-24T15:55:09","guid":{"rendered":"https:\/\/www.basecampstudent.com\/?page_id=8696"},"modified":"2025-01-21T14:01:01","modified_gmt":"2025-01-21T14:01:01","slug":"information-clause","status":"publish","type":"page","link":"https:\/\/www.basecampstudent.com\/da\/information-clause\/","title":{"rendered":"Informationsklausul"},"content":{"rendered":"\n<p><\/p>\n\n\n\n<h2 class=\"wp-block-heading\"><\/h2>\n\n\n\n<section class=\"site-policy\">\n    <div class=\"container\">\n        <div class=\"site-policy__left\">\n            <div class=\"site-policy__headline\">\n                <h1 class=\"site-policy__title\">Informationsklausul<\/h1>\n                <div class=\"site-policy__date\"><p>GRUNDL\u00c6GGENDE OPLYSNINGER OM BEHANDLINGEN AF PERSONOPLYSNINGER:<\/p><\/div>            <\/div>\n            <div class=\"site-policy__content\">\n\n                <div class=\"site-policy__mobile policy-mobile\">\n                    <div class=\"policy-mobile__wrap\">\n                        <h3 class=\"policy-mobile__title\">1. Ansvarlig for persondata<\/h3><div class=\"policy-mobile__dropdown\"><ul class=\"policy-mobile__list\"><li class=\"policy-mobile__item\"><a class=\"policy-mobile__link\" href=\"#section-1\"\n                                         data-text=\"1. Ansvarlig for persondata\"\n                                         data-anchor>Ansvarlig for persondata<\/a><\/li><li class=\"policy-mobile__item\"><a class=\"policy-mobile__link\" href=\"#section-2\"\n                                         data-text=\"2. Behandlingens form\u00e5l, retsgrundlag\"\n                                         data-anchor>Behandlingens form\u00e5l, retsgrundlag<\/a><\/li><li class=\"policy-mobile__item\"><a class=\"policy-mobile__link\" href=\"#section-3\"\n                                         data-text=\"3. Behandlingstid\"\n                                         data-anchor>Behandlingstid<\/a><\/li><li class=\"policy-mobile__item\"><a class=\"policy-mobile__link\" href=\"#section-4\"\n                                         data-text=\"4. Modtagere af data\"\n                                         data-anchor>Modtagere af data<\/a><\/li><li class=\"policy-mobile__item\"><a class=\"policy-mobile__link\" href=\"#section-5\"\n                                         data-text=\"5. Profilering og automatiseret databehandling\"\n                                         data-anchor>Profilering og automatiseret databehandling<\/a><\/li><li class=\"policy-mobile__item\"><a class=\"policy-mobile__link\" href=\"#section-6\"\n                                         data-text=\"6. Behandling uden for E\u00d8S\"\n                                         data-anchor>Behandling uden for E\u00d8S<\/a><\/li><li class=\"policy-mobile__item\"><a class=\"policy-mobile__link\" href=\"#section-7\"\n                                         data-text=\"7. Rettigheder i forbindelse med databehandling\"\n                                         data-anchor>Rettigheder i forbindelse med databehandling<\/a><\/li><li class=\"policy-mobile__item\"><a class=\"policy-mobile__link\" href=\"#section-8\"\n                                         data-text=\"8. Klage\"\n                                         data-anchor>Klage<\/a><\/li><li class=\"policy-mobile__item\"><a class=\"policy-mobile__link\" href=\"#section-9\"\n                                         data-text=\"9. Privatlivspolitik\"\n                                         data-anchor>Privatlivspolitik<\/a><\/li><\/ul><\/div>                    <\/div>\n                <\/div>\n\n                <div id=\"section-1\" class=\"site-policy__item policy-item\"><h3 class=\"policy-item__title\">1. Ansvarlig for persondata<\/h3><div class=\"policy-item__content\"><p>&#8220;Basecamp Group Limited med hjemsted i London: 33 Broadwick Street, London, W1F 0DQ, UK<\/p>\n<p>BaseCamp Student GmbH med registreret adresse i Berlin: 3. Quergeb\u00e4ude, EG, Brunnenstr. 196, 10119 Berlin, Tyskland<\/p>\n<p>BaseCamp Student Real Estate ApS med registreret adresse i K\u00f8benhavn: Kristen Bernikows Gade 4, 1.DK-1105 Kobenhavn K Danmark<\/p>\n<p>ST \u0141\u00f3d\u017a Rewolucji 1905 Sp. z o.o. med hjemsted i Warszawa (postnummer: 02-661), Ireneusz Gugulski Square No. 1, registreret i det nationale domstolsregister under KRS-nummer: 0000559040, NIP: 5213697281, REGON: 361570090<\/p>\n<p>ST \u0141\u00f3d\u017a Rembieli\u0144skiego Sp. z o.o. med hjemsted i Warszawa (postnummer: 02-661), Ireneusz Gugulski Square No. 1, registreret i det nationale domstolsregister under KRS-nummer: 0000663027, NIP: 5213767857, REGON: 366562088<\/p>\n<p>ST Katowice Krasi\u0144skiego sp. z o.o. med hjemsted i Warszawa (postnummer: 02-661), Ireneusz Gugulski Square No. 1, registreret i det nationale retsregister under KRS-nummer: 0000604188, NIP: 5213724115, REGON: 363808146, afh\u00e6nger af, hvilket selskab der har indg\u00e5et lejeaftale med lejer.&#8221;<\/p>\n<\/div><\/div><div id=\"section-2\" class=\"site-policy__item policy-item\"><h3 class=\"policy-item__title\">2. Behandlingens form\u00e5l, retsgrundlag<\/h3><div class=\"policy-item__content\"><p>&#8220;1. indg\u00e5else og opfyldelse af en kontrakt, der binder parterne (artikel 6, stk. 1, litra b), i GDPR);<br \/>\n2. opfyldelse af den juridiske forpligtelse, der p\u00e5hviler administratoren til at opfylde forpligtelsen til \u00f8konomiske afregninger, herunder skatteafregninger (art. 6 it. (1) (c) GDPR);<br \/>\n3. Administrators legitime interesser, dvs. afregning, eventuel anmeldelse af kontrakten eller entrepren\u00f8ren til skattemyndighederne eller socialforsikringsinstitutionen, markedsf\u00f8ring af produkter, tjenester eller arbejder, gennemf\u00f8relse af eventuelle retslige og administrative procedurer (art. 6 it. 1 (f) i GDPR).&#8221;<\/p>\n<\/div><\/div><div id=\"section-3\" class=\"site-policy__item policy-item\"><h3 class=\"policy-item__title\">3. Behandlingstid<\/h3><div class=\"policy-item__content\"><p>Den periode, der er n\u00f8dvendig for at opfylde de form\u00e5l, der er beskrevet i oplysningerne ovenfor, dvs. i l\u00f8bet af kontrakten mellem administratoren og dig eller perioden for levering af tjenester, og efter dens udl\u00f8b \/ opsigelse af tjenester i den periode, der kr\u00e6ves i henhold til loven eller er n\u00f8dvendig for at gennemf\u00f8re administratorens legitime interesser.<\/p>\n<\/div><\/div><div id=\"section-4\" class=\"site-policy__item policy-item\"><h3 class=\"policy-item__title\">4. Modtagere af data<\/h3><div class=\"policy-item__content\"><p>Udbydere af IT-, juridiske og regnskabsm\u00e6ssige tjenester, der handler for administratoren, samt administratorens medarbejdere og associerede.<\/p>\n<\/div><\/div><div id=\"section-5\" class=\"site-policy__item policy-item\"><h3 class=\"policy-item__title\">5. Profilering og automatiseret databehandling<\/h3><div class=\"policy-item__content\"><p>Administrator vil ikke profilere data eller tr\u00e6ffe automatiserede beslutninger.<\/p>\n<\/div><\/div><div id=\"section-6\" class=\"site-policy__item policy-item\"><h3 class=\"policy-item__title\">6. Behandling uden for E\u00d8S<\/h3><div class=\"policy-item__content\"><p>Administratoren vil ikke behandle data uden for E\u00d8S.<\/p>\n<\/div><\/div><div id=\"section-7\" class=\"site-policy__item policy-item\"><h3 class=\"policy-item__title\">7. Rettigheder i forbindelse med databehandling<\/h3><div class=\"policy-item__content\"><p>Retten til at opdatere for\u00e6ldede eller forkerte data; Retten til at rette data, hvis det viser sig, at de behandlede data er forkerte; Retten til adgang til dine data, herunder at f\u00e5 en kopi af dem og oplysninger om behandlingen; Retten til at kr\u00e6ve sletning af personoplysninger (&#8220;retten til at blive glemt&#8221;) i de tilf\u00e6lde, der er specificeret i bestemmelserne i GDPR; Retten til at kr\u00e6ve begr\u00e6nsning af databehandling; Retten til at overf\u00f8re de data, du har givet til administratoren; Retten til at indgive en klage til den kompetente tilsynsmyndighed.<\/p>\n<\/div><\/div><div id=\"section-8\" class=\"site-policy__item policy-item\"><h3 class=\"policy-item__title\">8. Klage<\/h3><div class=\"policy-item__content\"><p>Du har ret til at klage over den dataansvarliges handling til den relevante databeskyttelsesmyndighed p\u00e5 det sted, hvor du opholder dig hos os:<\/p>\n<ul>\n<li>Storbritannien &#8211; <a href=\"https:\/\/ico.org.uk\/\">Information Commissioners Office<\/a><\/li>\n<li>Forbundsrepublikken Tyskland &#8211; Berlin &#8211; <a href=\"https:\/\/www.datenschutz-berlin.de\/\">\u00a0Berliner Beauftragte f\u00fcr Datenschutz und Informationsfreiheit<\/a> (bem\u00e6rk venligst, at hver stat kan have sin egen separate myndighed)<\/li>\n<li>Polen &#8211; <a href=\"https:\/\/uodo.gov.pl\/\">Urz\u0105d Ochrony Danych Osobowych<\/a><\/li>\n<li>Danmark &#8211; <a href=\"https:\/\/www.datatilsynet.no\/\">Datatilsynet<\/a>\u200b<\/li>\n<li>Sverige \u2013 <a href=\"https:\/\/www.imy.se\/\">Integritetsskyddsmyndigheten<\/a><\/li>\n<\/ul>\n<\/div><\/div><div id=\"section-9\" class=\"site-policy__item policy-item\"><h3 class=\"policy-item__title\">9. Privatlivspolitik<\/h3><div class=\"policy-item__content\"><p>Lejer bekr\u00e6fter, at han\/hun har indhentet oplysninger om, at den g\u00e6ldende version af Basecamp Groups Privatlivspolitik &#8211; er tilg\u00e6ngelig p\u00e5 hjemmesiden ved at klikke p\u00e5 linket nederst p\u00e5 denne side.<\/p>\n<\/div><\/div>            <\/div>\n        <\/div>\n        <div class=\"site-policy__right policy-links\" style=\"\">\n            <h2 class=\"policy-links__title\">Quick Links<\/h2><ol class=\"policy-links__list\"><li class=\"policy-links__item\"><a class=\"policy-links__link\" href=\"#section-1\" data-anchor>Ansvarlig for persondata<\/a><\/li><li class=\"policy-links__item\"><a class=\"policy-links__link\" href=\"#section-2\" data-anchor>Behandlingens form\u00e5l, retsgrundlag<\/a><\/li><li class=\"policy-links__item\"><a class=\"policy-links__link\" href=\"#section-3\" data-anchor>Behandlingstid<\/a><\/li><li class=\"policy-links__item\"><a class=\"policy-links__link\" href=\"#section-4\" data-anchor>Modtagere af data<\/a><\/li><li class=\"policy-links__item\"><a class=\"policy-links__link\" href=\"#section-5\" data-anchor>Profilering og automatiseret databehandling<\/a><\/li><li class=\"policy-links__item\"><a class=\"policy-links__link\" href=\"#section-6\" data-anchor>Behandling uden for E\u00d8S<\/a><\/li><li class=\"policy-links__item\"><a class=\"policy-links__link\" href=\"#section-7\" data-anchor>Rettigheder i forbindelse med databehandling<\/a><\/li><li class=\"policy-links__item\"><a class=\"policy-links__link\" href=\"#section-8\" data-anchor>Klage<\/a><\/li><li class=\"policy-links__item\"><a class=\"policy-links__link\" href=\"#section-9\" data-anchor>Privatlivspolitik<\/a><\/li><\/ol>        <\/div>\n    <\/div>\n<\/section>","protected":false},"excerpt":{"rendered":"","protected":false},"author":7,"featured_media":0,"parent":0,"menu_order":0,"comment_status":"closed","ping_status":"closed","template":"","meta":{"_acf_changed":false,"inline_featured_image":false,"footnotes":""},"class_list":["post-8696","page","type-page","status-publish","hentry"],"acf":[],"yoast_head":"<!-- This site is optimized with the Yoast SEO plugin v27.3 - https:\/\/yoast.com\/product\/yoast-seo-wordpress\/ -->\n<title>Informationsklausul | Basecamp by Xior<\/title>\n<meta name=\"description\" content=\"Find ud af, hvordan vi behandler dine personlige data. Gennemsigtighed og sikkerhed er vores prioriteter.\" \/>\n<meta name=\"robots\" content=\"index, follow, max-snippet:-1, max-image-preview:large, max-video-preview:-1\" \/>\n<link rel=\"canonical\" href=\"https:\/\/www.basecampstudent.com\/da\/information-clause\/\" \/>\n<meta property=\"og:locale\" content=\"da_DK\" \/>\n<meta property=\"og:type\" content=\"article\" \/>\n<meta property=\"og:title\" content=\"Informationsklausul | Basecamp by Xior\" \/>\n<meta property=\"og:description\" content=\"Find ud af, hvordan vi behandler dine personlige data. Gennemsigtighed og sikkerhed er vores prioriteter.\" \/>\n<meta property=\"og:url\" content=\"https:\/\/www.basecampstudent.com\/da\/information-clause\/\" \/>\n<meta property=\"og:site_name\" content=\"Basecamp\" \/>\n<meta property=\"article:modified_time\" content=\"2025-01-21T14:01:01+00:00\" \/>\n<meta name=\"twitter:card\" content=\"summary_large_image\" \/>\n<script type=\"application\/ld+json\" class=\"yoast-schema-graph\">{\"@context\":\"https:\\\/\\\/schema.org\",\"@graph\":[{\"@type\":\"WebPage\",\"@id\":\"https:\\\/\\\/www.basecampstudent.com\\\/da\\\/information-clause\\\/\",\"url\":\"https:\\\/\\\/www.basecampstudent.com\\\/da\\\/information-clause\\\/\",\"name\":\"Informationsklausul | Basecamp by Xior\",\"isPartOf\":{\"@id\":\"https:\\\/\\\/www.basecampstudent.com\\\/#website\"},\"datePublished\":\"2022-05-24T15:55:09+00:00\",\"dateModified\":\"2025-01-21T14:01:01+00:00\",\"description\":\"Find ud af, hvordan vi behandler dine personlige data. Gennemsigtighed og sikkerhed er vores prioriteter.\",\"breadcrumb\":{\"@id\":\"https:\\\/\\\/www.basecampstudent.com\\\/da\\\/information-clause\\\/#breadcrumb\"},\"inLanguage\":\"da-DK\",\"potentialAction\":[{\"@type\":\"ReadAction\",\"target\":[\"https:\\\/\\\/www.basecampstudent.com\\\/da\\\/information-clause\\\/\"]}]},{\"@type\":\"BreadcrumbList\",\"@id\":\"https:\\\/\\\/www.basecampstudent.com\\\/da\\\/information-clause\\\/#breadcrumb\",\"itemListElement\":[{\"@type\":\"ListItem\",\"position\":1,\"name\":\"Home\",\"item\":\"https:\\\/\\\/www.basecampstudent.com\\\/da\\\/\"},{\"@type\":\"ListItem\",\"position\":2,\"name\":\"Informationsklausul\"}]},{\"@type\":\"WebSite\",\"@id\":\"https:\\\/\\\/www.basecampstudent.com\\\/#website\",\"url\":\"https:\\\/\\\/www.basecampstudent.com\\\/\",\"name\":\"Basecamp\",\"description\":\"Living spaces for dreamers, thinkers and go-getters.\",\"publisher\":{\"@id\":\"https:\\\/\\\/www.basecampstudent.com\\\/#organization\"},\"potentialAction\":[{\"@type\":\"SearchAction\",\"target\":{\"@type\":\"EntryPoint\",\"urlTemplate\":\"https:\\\/\\\/www.basecampstudent.com\\\/?s={search_term_string}\"},\"query-input\":{\"@type\":\"PropertyValueSpecification\",\"valueRequired\":true,\"valueName\":\"search_term_string\"}}],\"inLanguage\":\"da-DK\"},{\"@type\":\"Organization\",\"@id\":\"https:\\\/\\\/www.basecampstudent.com\\\/#organization\",\"name\":\"Basecamp\",\"url\":\"https:\\\/\\\/www.basecampstudent.com\\\/\",\"logo\":{\"@type\":\"ImageObject\",\"inLanguage\":\"da-DK\",\"@id\":\"https:\\\/\\\/www.basecampstudent.com\\\/#\\\/schema\\\/logo\\\/image\\\/\",\"url\":\"https:\\\/\\\/www.basecampstudent.com\\\/wp-content\\\/uploads\\\/2022\\\/02\\\/logo.svg\",\"contentUrl\":\"https:\\\/\\\/www.basecampstudent.com\\\/wp-content\\\/uploads\\\/2022\\\/02\\\/logo.svg\",\"width\":276,\"height\":40,\"caption\":\"Basecamp\"},\"image\":{\"@id\":\"https:\\\/\\\/www.basecampstudent.com\\\/#\\\/schema\\\/logo\\\/image\\\/\"}}]}<\/script>\n<!-- \/ Yoast SEO plugin. -->","yoast_head_json":{"title":"Informationsklausul | Basecamp by Xior","description":"Find ud af, hvordan vi behandler dine personlige data. Gennemsigtighed og sikkerhed er vores prioriteter.","robots":{"index":"index","follow":"follow","max-snippet":"max-snippet:-1","max-image-preview":"max-image-preview:large","max-video-preview":"max-video-preview:-1"},"canonical":"https:\/\/www.basecampstudent.com\/da\/information-clause\/","og_locale":"da_DK","og_type":"article","og_title":"Informationsklausul | Basecamp by Xior","og_description":"Find ud af, hvordan vi behandler dine personlige data. Gennemsigtighed og sikkerhed er vores prioriteter.","og_url":"https:\/\/www.basecampstudent.com\/da\/information-clause\/","og_site_name":"Basecamp","article_modified_time":"2025-01-21T14:01:01+00:00","twitter_card":"summary_large_image","schema":{"@context":"https:\/\/schema.org","@graph":[{"@type":"WebPage","@id":"https:\/\/www.basecampstudent.com\/da\/information-clause\/","url":"https:\/\/www.basecampstudent.com\/da\/information-clause\/","name":"Informationsklausul | Basecamp by Xior","isPartOf":{"@id":"https:\/\/www.basecampstudent.com\/#website"},"datePublished":"2022-05-24T15:55:09+00:00","dateModified":"2025-01-21T14:01:01+00:00","description":"Find ud af, hvordan vi behandler dine personlige data. Gennemsigtighed og sikkerhed er vores prioriteter.","breadcrumb":{"@id":"https:\/\/www.basecampstudent.com\/da\/information-clause\/#breadcrumb"},"inLanguage":"da-DK","potentialAction":[{"@type":"ReadAction","target":["https:\/\/www.basecampstudent.com\/da\/information-clause\/"]}]},{"@type":"BreadcrumbList","@id":"https:\/\/www.basecampstudent.com\/da\/information-clause\/#breadcrumb","itemListElement":[{"@type":"ListItem","position":1,"name":"Home","item":"https:\/\/www.basecampstudent.com\/da\/"},{"@type":"ListItem","position":2,"name":"Informationsklausul"}]},{"@type":"WebSite","@id":"https:\/\/www.basecampstudent.com\/#website","url":"https:\/\/www.basecampstudent.com\/","name":"Basecamp","description":"Living spaces for dreamers, thinkers and go-getters.","publisher":{"@id":"https:\/\/www.basecampstudent.com\/#organization"},"potentialAction":[{"@type":"SearchAction","target":{"@type":"EntryPoint","urlTemplate":"https:\/\/www.basecampstudent.com\/?s={search_term_string}"},"query-input":{"@type":"PropertyValueSpecification","valueRequired":true,"valueName":"search_term_string"}}],"inLanguage":"da-DK"},{"@type":"Organization","@id":"https:\/\/www.basecampstudent.com\/#organization","name":"Basecamp","url":"https:\/\/www.basecampstudent.com\/","logo":{"@type":"ImageObject","inLanguage":"da-DK","@id":"https:\/\/www.basecampstudent.com\/#\/schema\/logo\/image\/","url":"https:\/\/www.basecampstudent.com\/wp-content\/uploads\/2022\/02\/logo.svg","contentUrl":"https:\/\/www.basecampstudent.com\/wp-content\/uploads\/2022\/02\/logo.svg","width":276,"height":40,"caption":"Basecamp"},"image":{"@id":"https:\/\/www.basecampstudent.com\/#\/schema\/logo\/image\/"}}]}},"_links":{"self":[{"href":"https:\/\/www.basecampstudent.com\/da\/wp-json\/wp\/v2\/pages\/8696","targetHints":{"allow":["GET"]}}],"collection":[{"href":"https:\/\/www.basecampstudent.com\/da\/wp-json\/wp\/v2\/pages"}],"about":[{"href":"https:\/\/www.basecampstudent.com\/da\/wp-json\/wp\/v2\/types\/page"}],"author":[{"embeddable":true,"href":"https:\/\/www.basecampstudent.com\/da\/wp-json\/wp\/v2\/users\/7"}],"replies":[{"embeddable":true,"href":"https:\/\/www.basecampstudent.com\/da\/wp-json\/wp\/v2\/comments?post=8696"}],"version-history":[{"count":1,"href":"https:\/\/www.basecampstudent.com\/da\/wp-json\/wp\/v2\/pages\/8696\/revisions"}],"predecessor-version":[{"id":29500,"href":"https:\/\/www.basecampstudent.com\/da\/wp-json\/wp\/v2\/pages\/8696\/revisions\/29500"}],"wp:attachment":[{"href":"https:\/\/www.basecampstudent.com\/da\/wp-json\/wp\/v2\/media?parent=8696"}],"curies":[{"name":"wp","href":"https:\/\/api.w.org\/{rel}","templated":true}]}}