{"id":8681,"date":"2022-05-13T10:15:11","date_gmt":"2022-05-13T10:15:11","guid":{"rendered":"https:\/\/www.basecampstudent.com\/?page_id=8681"},"modified":"2025-01-21T13:46:52","modified_gmt":"2025-01-21T13:46:52","slug":"anti-discrimination-policy","status":"publish","type":"page","link":"https:\/\/www.basecampstudent.com\/da\/anti-discrimination-policy\/","title":{"rendered":"Politik mod diskrimination"},"content":{"rendered":"\n<section class=\"site-policy\">\n    <div class=\"container\">\n        <div class=\"site-policy__left\">\n            <div class=\"site-policy__headline\">\n                <h1 class=\"site-policy__title\">Politik mod diskrimination<\/h1>\n                            <\/div>\n            <div class=\"site-policy__content\">\n\n                <div class=\"site-policy__mobile policy-mobile\">\n                    <div class=\"policy-mobile__wrap\">\n                        <h3 class=\"policy-mobile__title\">1. Basecamp er forpligtet til et mangfoldigt, inkluderende og respektfuldt milj\u00f8.<\/h3><div class=\"policy-mobile__dropdown\"><ul class=\"policy-mobile__list\"><li class=\"policy-mobile__item\"><a class=\"policy-mobile__link\" href=\"#section-1\"\n                                         data-text=\"1. Basecamp er forpligtet til et mangfoldigt, inkluderende og respektfuldt milj\u00f8.\"\n                                         data-anchor>Basecamp er forpligtet til et mangfoldigt, inkluderende og respektfuldt milj\u00f8.<\/a><\/li><\/ul><\/div>                    <\/div>\n                <\/div>\n\n                <div id=\"section-1\" class=\"site-policy__item policy-item\"><h3 class=\"policy-item__title\">Basecamp er forpligtet til et mangfoldigt, inkluderende og respektfuldt milj\u00f8.<\/h3><div class=\"policy-item__content\"><p>Der er ikke plads til diskrimination, chikane eller mikroaggressioner af nogen art p\u00e5 Basecamp.<\/p>\n<p>Basecamp tolererer ikke beboere, der diskriminerer eller behandler nogen mindre gunstigt p\u00e5 grund af deres race, hudfarve, nationale oprindelse, religion, k\u00f8n, k\u00f8nsidentitet, graviditet, fysiske eller psykiske handicap, helbredstilstand, afstamning, civilstand, alder, seksuelle orientering, statsborgerskab eller andre karakteristika, der er beskyttet i henhold til lokal og national lovgivning. Diskriminerende adf\u00e6rd kan antage mange former; ingen af dem er acceptable hos Basecamp.<\/p>\n<p>Vi tillader ikke chikane baseret p\u00e5 adf\u00e6rd eller personlige tr\u00e6k, der kan betragtes som upassende, blot fordi de ikke er i overensstemmelse med andres ideer om, hvordan et individ eller en gruppe skal opf\u00f8re sig eller se ud.<\/p>\n<p>P\u00e5 samme m\u00e5de tolererer vi ikke mikroaggressioner: de daglige, subtile, bevidste (og nogle gange ubevidste) interaktioner eller adf\u00e6rd, der kommunikerer en vis forudindtagethed over for andre, ofte i forhold til deres baggrund.<\/p>\n<\/div><\/div>            <\/div>\n        <\/div>\n        <div class=\"site-policy__right policy-links\" style=\"display: none;\">\n            <h2 class=\"policy-links__title\">Quick Links<\/h2><ol class=\"policy-links__list\"><li class=\"policy-links__item\"><a class=\"policy-links__link\" href=\"#section-1\" data-anchor>Basecamp er forpligtet til et mangfoldigt, inkluderende og respektfuldt milj\u00f8.<\/a><\/li><\/ol>        <\/div>\n    <\/div>\n<\/section>","protected":false},"excerpt":{"rendered":"","protected":false},"author":7,"featured_media":0,"parent":0,"menu_order":0,"comment_status":"closed","ping_status":"closed","template":"","meta":{"_acf_changed":false,"inline_featured_image":false,"footnotes":""},"class_list":["post-8681","page","type-page","status-publish","hentry"],"acf":[],"yoast_head":"<!-- This site is optimized with the Yoast SEO plugin v27.3 - https:\/\/yoast.com\/product\/yoast-seo-wordpress\/ -->\n<title>Politik mod diskrimination | Basecamp by Xior<\/title>\n<meta name=\"description\" content=\"Der er ikke plads til diskrimination, chikane eller mikroaggressioner af nogen art hos Basecamp by Xior\" \/>\n<meta name=\"robots\" content=\"index, follow, max-snippet:-1, max-image-preview:large, max-video-preview:-1\" \/>\n<link rel=\"canonical\" href=\"https:\/\/www.basecampstudent.com\/da\/anti-discrimination-policy\/\" \/>\n<meta property=\"og:locale\" content=\"da_DK\" \/>\n<meta property=\"og:type\" content=\"article\" \/>\n<meta property=\"og:title\" content=\"Politik mod diskrimination | Basecamp by Xior\" \/>\n<meta property=\"og:description\" content=\"Der er ikke plads til diskrimination, chikane eller mikroaggressioner af nogen art hos Basecamp by Xior\" \/>\n<meta property=\"og:url\" content=\"https:\/\/www.basecampstudent.com\/da\/anti-discrimination-policy\/\" \/>\n<meta property=\"og:site_name\" content=\"Basecamp\" \/>\n<meta property=\"article:modified_time\" content=\"2025-01-21T13:46:52+00:00\" \/>\n<meta name=\"twitter:card\" content=\"summary_large_image\" \/>\n<script type=\"application\/ld+json\" class=\"yoast-schema-graph\">{\"@context\":\"https:\\\/\\\/schema.org\",\"@graph\":[{\"@type\":\"WebPage\",\"@id\":\"https:\\\/\\\/www.basecampstudent.com\\\/da\\\/anti-discrimination-policy\\\/\",\"url\":\"https:\\\/\\\/www.basecampstudent.com\\\/da\\\/anti-discrimination-policy\\\/\",\"name\":\"Politik mod diskrimination | Basecamp by Xior\",\"isPartOf\":{\"@id\":\"https:\\\/\\\/www.basecampstudent.com\\\/#website\"},\"datePublished\":\"2022-05-13T10:15:11+00:00\",\"dateModified\":\"2025-01-21T13:46:52+00:00\",\"description\":\"Der er ikke plads til diskrimination, chikane eller mikroaggressioner af nogen art hos Basecamp by Xior\",\"breadcrumb\":{\"@id\":\"https:\\\/\\\/www.basecampstudent.com\\\/da\\\/anti-discrimination-policy\\\/#breadcrumb\"},\"inLanguage\":\"da-DK\",\"potentialAction\":[{\"@type\":\"ReadAction\",\"target\":[\"https:\\\/\\\/www.basecampstudent.com\\\/da\\\/anti-discrimination-policy\\\/\"]}]},{\"@type\":\"BreadcrumbList\",\"@id\":\"https:\\\/\\\/www.basecampstudent.com\\\/da\\\/anti-discrimination-policy\\\/#breadcrumb\",\"itemListElement\":[{\"@type\":\"ListItem\",\"position\":1,\"name\":\"Home\",\"item\":\"https:\\\/\\\/www.basecampstudent.com\\\/da\\\/\"},{\"@type\":\"ListItem\",\"position\":2,\"name\":\"Politik mod diskrimination\"}]},{\"@type\":\"WebSite\",\"@id\":\"https:\\\/\\\/www.basecampstudent.com\\\/#website\",\"url\":\"https:\\\/\\\/www.basecampstudent.com\\\/\",\"name\":\"Basecamp\",\"description\":\"Living spaces for dreamers, thinkers and go-getters.\",\"publisher\":{\"@id\":\"https:\\\/\\\/www.basecampstudent.com\\\/#organization\"},\"potentialAction\":[{\"@type\":\"SearchAction\",\"target\":{\"@type\":\"EntryPoint\",\"urlTemplate\":\"https:\\\/\\\/www.basecampstudent.com\\\/?s={search_term_string}\"},\"query-input\":{\"@type\":\"PropertyValueSpecification\",\"valueRequired\":true,\"valueName\":\"search_term_string\"}}],\"inLanguage\":\"da-DK\"},{\"@type\":\"Organization\",\"@id\":\"https:\\\/\\\/www.basecampstudent.com\\\/#organization\",\"name\":\"Basecamp\",\"url\":\"https:\\\/\\\/www.basecampstudent.com\\\/\",\"logo\":{\"@type\":\"ImageObject\",\"inLanguage\":\"da-DK\",\"@id\":\"https:\\\/\\\/www.basecampstudent.com\\\/#\\\/schema\\\/logo\\\/image\\\/\",\"url\":\"https:\\\/\\\/www.basecampstudent.com\\\/wp-content\\\/uploads\\\/2022\\\/02\\\/logo.svg\",\"contentUrl\":\"https:\\\/\\\/www.basecampstudent.com\\\/wp-content\\\/uploads\\\/2022\\\/02\\\/logo.svg\",\"width\":276,\"height\":40,\"caption\":\"Basecamp\"},\"image\":{\"@id\":\"https:\\\/\\\/www.basecampstudent.com\\\/#\\\/schema\\\/logo\\\/image\\\/\"}}]}<\/script>\n<!-- \/ Yoast SEO plugin. -->","yoast_head_json":{"title":"Politik mod diskrimination | Basecamp by Xior","description":"Der er ikke plads til diskrimination, chikane eller mikroaggressioner af nogen art hos Basecamp by Xior","robots":{"index":"index","follow":"follow","max-snippet":"max-snippet:-1","max-image-preview":"max-image-preview:large","max-video-preview":"max-video-preview:-1"},"canonical":"https:\/\/www.basecampstudent.com\/da\/anti-discrimination-policy\/","og_locale":"da_DK","og_type":"article","og_title":"Politik mod diskrimination | Basecamp by Xior","og_description":"Der er ikke plads til diskrimination, chikane eller mikroaggressioner af nogen art hos Basecamp by Xior","og_url":"https:\/\/www.basecampstudent.com\/da\/anti-discrimination-policy\/","og_site_name":"Basecamp","article_modified_time":"2025-01-21T13:46:52+00:00","twitter_card":"summary_large_image","schema":{"@context":"https:\/\/schema.org","@graph":[{"@type":"WebPage","@id":"https:\/\/www.basecampstudent.com\/da\/anti-discrimination-policy\/","url":"https:\/\/www.basecampstudent.com\/da\/anti-discrimination-policy\/","name":"Politik mod diskrimination | Basecamp by Xior","isPartOf":{"@id":"https:\/\/www.basecampstudent.com\/#website"},"datePublished":"2022-05-13T10:15:11+00:00","dateModified":"2025-01-21T13:46:52+00:00","description":"Der er ikke plads til diskrimination, chikane eller mikroaggressioner af nogen art hos Basecamp by Xior","breadcrumb":{"@id":"https:\/\/www.basecampstudent.com\/da\/anti-discrimination-policy\/#breadcrumb"},"inLanguage":"da-DK","potentialAction":[{"@type":"ReadAction","target":["https:\/\/www.basecampstudent.com\/da\/anti-discrimination-policy\/"]}]},{"@type":"BreadcrumbList","@id":"https:\/\/www.basecampstudent.com\/da\/anti-discrimination-policy\/#breadcrumb","itemListElement":[{"@type":"ListItem","position":1,"name":"Home","item":"https:\/\/www.basecampstudent.com\/da\/"},{"@type":"ListItem","position":2,"name":"Politik mod diskrimination"}]},{"@type":"WebSite","@id":"https:\/\/www.basecampstudent.com\/#website","url":"https:\/\/www.basecampstudent.com\/","name":"Basecamp","description":"Living spaces for dreamers, thinkers and go-getters.","publisher":{"@id":"https:\/\/www.basecampstudent.com\/#organization"},"potentialAction":[{"@type":"SearchAction","target":{"@type":"EntryPoint","urlTemplate":"https:\/\/www.basecampstudent.com\/?s={search_term_string}"},"query-input":{"@type":"PropertyValueSpecification","valueRequired":true,"valueName":"search_term_string"}}],"inLanguage":"da-DK"},{"@type":"Organization","@id":"https:\/\/www.basecampstudent.com\/#organization","name":"Basecamp","url":"https:\/\/www.basecampstudent.com\/","logo":{"@type":"ImageObject","inLanguage":"da-DK","@id":"https:\/\/www.basecampstudent.com\/#\/schema\/logo\/image\/","url":"https:\/\/www.basecampstudent.com\/wp-content\/uploads\/2022\/02\/logo.svg","contentUrl":"https:\/\/www.basecampstudent.com\/wp-content\/uploads\/2022\/02\/logo.svg","width":276,"height":40,"caption":"Basecamp"},"image":{"@id":"https:\/\/www.basecampstudent.com\/#\/schema\/logo\/image\/"}}]}},"_links":{"self":[{"href":"https:\/\/www.basecampstudent.com\/da\/wp-json\/wp\/v2\/pages\/8681","targetHints":{"allow":["GET"]}}],"collection":[{"href":"https:\/\/www.basecampstudent.com\/da\/wp-json\/wp\/v2\/pages"}],"about":[{"href":"https:\/\/www.basecampstudent.com\/da\/wp-json\/wp\/v2\/types\/page"}],"author":[{"embeddable":true,"href":"https:\/\/www.basecampstudent.com\/da\/wp-json\/wp\/v2\/users\/7"}],"replies":[{"embeddable":true,"href":"https:\/\/www.basecampstudent.com\/da\/wp-json\/wp\/v2\/comments?post=8681"}],"version-history":[{"count":1,"href":"https:\/\/www.basecampstudent.com\/da\/wp-json\/wp\/v2\/pages\/8681\/revisions"}],"predecessor-version":[{"id":29502,"href":"https:\/\/www.basecampstudent.com\/da\/wp-json\/wp\/v2\/pages\/8681\/revisions\/29502"}],"wp:attachment":[{"href":"https:\/\/www.basecampstudent.com\/da\/wp-json\/wp\/v2\/media?parent=8681"}],"curies":[{"name":"wp","href":"https:\/\/api.w.org\/{rel}","templated":true}]}}